{"id":10,"date":"2020-12-05T02:15:28","date_gmt":"2020-12-04T23:15:28","guid":{"rendered":"http:\/\/localhost\/kurdel\/?page_id=10"},"modified":"2021-02-04T00:11:18","modified_gmt":"2021-02-03T21:11:18","slug":"about-us","status":"publish","type":"page","link":"https:\/\/kurdelmetal.com\/tr\/about-us\/","title":{"rendered":"Hakk\u0131m\u0131zda"},"content":{"rendered":"<p><img loading=\"lazy\" decoding=\"async\" class=\"about-img alignright wp-image-141 \" src=\"https:\/\/kurdelmetal.com\/wp-content\/uploads\/2020\/12\/about-us-img-1024x657.png\" alt=\"\" width=\"688\" height=\"442\" srcset=\"https:\/\/kurdelmetal.com\/wp-content\/uploads\/2020\/12\/about-us-img-1024x657.png 1024w, https:\/\/kurdelmetal.com\/wp-content\/uploads\/2020\/12\/about-us-img-300x192.png 300w, https:\/\/kurdelmetal.com\/wp-content\/uploads\/2020\/12\/about-us-img-768x492.png 768w, https:\/\/kurdelmetal.com\/wp-content\/uploads\/2020\/12\/about-us-img-1536x985.png 1536w, https:\/\/kurdelmetal.com\/wp-content\/uploads\/2020\/12\/about-us-img.png 1600w\" sizes=\"auto, (max-width: 688px) 100vw, 688px\" \/><\/p>\n<h3 id=\"bannerR\">B\u0130Z K\u0130M\u0130Z?<\/h3>\n<p>1998 y\u0131l\u0131nda kurulmu\u015f olan KURDEL METAL TICARET VE SANAYI A.\u015e. +20 y\u0131ll\u0131k deneyimi ve konusunda uzman kadrosuyla bug\u00fcn d\u00fcr\u00fcst ve b\u00fct\u00fcnle\u015ftirici prensibi ile paslanmaz \u00e7elik hurda pazar\u0131nda \u00f6nemli bir paya sahiptir. Kuruldu\u011fu y\u0131ldan bu yana s\u00fcrekli geli\u015fmeyi ve m\u00fc\u015fteri memnuniyetini ilke edinen, geli\u015fen teknolojiyi yak\u0131ndan takip eden firmam\u0131z faaliyetine ana merkezi olan B\u00fcy\u00fck\u00e7ekmece de 10.000 m2&#8217;lik a\u00e7\u0131k alan ve 1000 m2&#8217;lik kapal\u0131 alan \u00fczerinde s\u00fcrd\u00fcrmektedir, Bayrampa\u015fa ve Gebze\u2019de ise \u00fcretime devam eden \u015fubeleri bulunmaktad\u0131r. Paslanmaz \u00e7elik imalat\u0131 yapan farkl\u0131 end\u00fcstriyel firmalar\u0131n \u00fcretiminden \u00e7\u0131kan fazlal\u0131klar, k\u0131rp\u0131nt\u0131lar, par\u00e7alar, tala\u015flar ve di\u011fer paslanmaz \u00e7elik \u00fcr\u00fcnlerin hurdalar\u0131n\u0131 yurt i\u00e7inde temin edip yurt d\u0131\u015f\u0131na ihra\u00e7 ederek geri d\u00f6n\u00fc\u015f\u00fcm hizmetine sunmaktad\u0131r. \u0130kinci s\u0131n\u0131f hammadde materyallerinin kimyasal analizine, kalitesine, \u015fekline ve fiziksel \u00f6zelliklerine g\u00f6re ayr\u0131\u015ft\u0131r\u0131lmas\u0131n\u0131 en son teknoloji olan Thermo Scientific Niton XRF ile hayata ge\u00e7irir. Hurda materyallerinin Radyasyon kontrol\u00fcn\u00fc geli\u015fmi\u015f en yeni makinalar yard\u0131m\u0131 ile sa\u011flar. Uluslararas\u0131 metal pazar\u0131n\u0131 ve borsas\u0131n\u0131 \u00e7ok yak\u0131ndan takip eden Kurdel Metal bir\u00e7ok Avrupa ve Uzak Do\u011fu \u00fclkesine paslanmaz \u00e7elik hurdas\u0131 ihra\u00e7 etmektedir.<\/p>\n<h3>V\u0130ZYONUMUZ<\/h3>\n<p>Paslanmaz \u00e7elik hurda geri d\u00f6n\u00fc\u015f\u00fcm hizmet kalitesinde maksimum d\u00fczeyi yakalayan, m\u00fc\u015fterilerine ve \u00e7al\u0131\u015fanlar\u0131na yenilik\u00e7i ve yarat\u0131c\u0131 \u00e7\u00f6z\u00fcmler ile de\u011fer katarak onlar\u0131n memnuniyetini sa\u011flayan, pazarda tercih edilen i\u015f ve \u00e7\u00f6z\u00fcm orta\u011f\u0131 olmay\u0131 hedefleyen, topluma ve \u00fclke ekonomisine faydal\u0131 global bir \u015firket olmak.<\/p>\n<h3>M\u0130SYONUMUZ<\/h3>\n<p>Hurda Geri D\u00f6n\u00fc\u015f\u00fcm ve Kazan\u0131mda \u00e7evreye zarar verecek maddeleri itinayla de\u011ferlendirip toplum yarar\u0131na kazand\u0131rmak i\u00e7in hammaddelerin yeniden kazan\u0131m y\u00f6ntemiyle, do\u011fal g\u00fczelliklerimizin korunmas\u0131n\u0131 sa\u011flamak.<\/p>\n<h3>\u015e\u0130RKET POL\u0130T\u0130KAMIZ<\/h3>\n<p>Modern i\u015fletmecili\u011fi, geli\u015fmeyi, \u00fcst\u00fcn kaliteyi, yenilik\u00e7i anlay\u0131\u015f\u0131 ve \u015feffafl\u0131\u011f\u0131 ilke edinip m\u00fc\u015fteri memnuniyetini \u00f6n planda tutup gelece\u011fe ta\u015f\u0131mak ve hizmetlerimizi d\u00fcr\u00fcstl\u00fck, b\u00fct\u00fcnl\u00fck ve ahlaki de\u011ferler \u00f6nc\u00fcl\u00fc\u011f\u00fcnde vermektir. Yerel ve global m\u00fc\u015fterilerin ihtiya\u00e7lar\u0131na daha iyi \u00fcr\u00fcn ve hizmet sunmak amac\u0131yla, geli\u015fen teknolojiyi yak\u0131ndan takip ederek en d\u00fc\u015f\u00fck maliyet, en iyi fiyat ilkesi ile en iyi \u00fcr\u00fcn kalitesini zaman\u0131nda kar\u015f\u0131lamak ve karl\u0131l\u0131kla geli\u015fmeyi ve b\u00fcy\u00fcmeyi s\u00fcrekli k\u0131larak rekabet\u00e7i, g\u00fcvenilir, yenilik\u00e7i ve \u00e7evreye duyarl\u0131 bir firma olmakt\u0131r.<\/p>","protected":false},"excerpt":{"rendered":"<p>B\u0130Z K\u0130M\u0130Z? 1998 y\u0131l\u0131nda kurulmu\u015f olan KURDEL METAL TICARET VE SANAYI A.\u015e. +20 y\u0131ll\u0131k deneyimi ve konusunda uzman kadrosuyla bug\u00fcn d\u00fcr\u00fcst ve b\u00fct\u00fcnle\u015ftirici prensibi ile paslanmaz \u00e7elik hurda pazar\u0131nda \u00f6nemli bir paya sahiptir. Kuruldu\u011fu y\u0131ldan bu yana s\u00fcrekli geli\u015fmeyi ve m\u00fc\u015fteri memnuniyetini ilke edinen, geli\u015fen teknolojiyi yak\u0131ndan takip eden firmam\u0131z faaliyetine ana merkezi olan B\u00fcy\u00fck\u00e7ekmece [&hellip;]<\/p>\n","protected":false},"author":1,"featured_media":143,"parent":0,"menu_order":0,"comment_status":"closed","ping_status":"closed","template":"sayfa-about.php","meta":{"footnotes":""},"class_list":["post-10","page","type-page","status-publish","has-post-thumbnail","hentry"],"_links":{"self":[{"href":"https:\/\/kurdelmetal.com\/tr\/wp-json\/wp\/v2\/pages\/10","targetHints":{"allow":["GET"]}}],"collection":[{"href":"https:\/\/kurdelmetal.com\/tr\/wp-json\/wp\/v2\/pages"}],"about":[{"href":"https:\/\/kurdelmetal.com\/tr\/wp-json\/wp\/v2\/types\/page"}],"author":[{"embeddable":true,"href":"https:\/\/kurdelmetal.com\/tr\/wp-json\/wp\/v2\/users\/1"}],"replies":[{"embeddable":true,"href":"https:\/\/kurdelmetal.com\/tr\/wp-json\/wp\/v2\/comments?post=10"}],"version-history":[{"count":1,"href":"https:\/\/kurdelmetal.com\/tr\/wp-json\/wp\/v2\/pages\/10\/revisions"}],"predecessor-version":[{"id":191,"href":"https:\/\/kurdelmetal.com\/tr\/wp-json\/wp\/v2\/pages\/10\/revisions\/191"}],"wp:featuredmedia":[{"embeddable":true,"href":"https:\/\/kurdelmetal.com\/tr\/wp-json\/wp\/v2\/media\/143"}],"wp:attachment":[{"href":"https:\/\/kurdelmetal.com\/tr\/wp-json\/wp\/v2\/media?parent=10"}],"curies":[{"name":"wp","href":"https:\/\/api.w.org\/{rel}","templated":true}]}}