{"id":12,"date":"2020-12-05T02:15:46","date_gmt":"2020-12-04T23:15:46","guid":{"rendered":"http:\/\/localhost\/kurdel\/?page_id=12"},"modified":"2021-02-04T00:41:33","modified_gmt":"2021-02-03T21:41:33","slug":"products","status":"publish","type":"page","link":"https:\/\/kurdelmetal.com\/tr\/products\/","title":{"rendered":"\u00dcr\u00fcnlerimiz"},"content":{"rendered":"<p>Paslanmaz hurdalar di\u011fer hurdalar ile kar\u015f\u0131latt\u0131r\u0131ld\u0131klar\u0131nda, m\u00fckemmel korozyon dayan\u0131mlar\u0131 yan\u0131nda de\u011fi\u015fik mekanik \u00f6zelliklere sahip t\u00fcrlerinin bulunmas\u0131, d\u00fc\u015f\u00fck ve y\u00fcksek s\u0131cakl\u0131klarda kullan\u0131labilmeleri, uzun \u00f6m\u00fcrl\u00fc olmalar\u0131, kolay \u015fekillendirilebilmeleri, estetik g\u00f6r\u00fcn\u00fcmleri, zahmetsiz temizlenebilmeleri dolay\u0131s\u0131yla hijyenik olmalar\u0131, geri d\u00f6n\u00fc\u015f\u00fcml\u00fc ve \u00e7evre dostu olmalar\u0131 sebebi ile tercih edilmektedirler.<\/p>","protected":false},"excerpt":{"rendered":"<p>Paslanmaz hurdalar di\u011fer hurdalar ile kar\u015f\u0131latt\u0131r\u0131ld\u0131klar\u0131nda, m\u00fckemmel korozyon dayan\u0131mlar\u0131 yan\u0131nda de\u011fi\u015fik mekanik \u00f6zelliklere sahip t\u00fcrlerinin bulunmas\u0131, d\u00fc\u015f\u00fck ve y\u00fcksek s\u0131cakl\u0131klarda kullan\u0131labilmeleri, uzun \u00f6m\u00fcrl\u00fc olmalar\u0131, kolay \u015fekillendirilebilmeleri, estetik g\u00f6r\u00fcn\u00fcmleri, zahmetsiz temizlenebilmeleri dolay\u0131s\u0131yla hijyenik olmalar\u0131, geri d\u00f6n\u00fc\u015f\u00fcml\u00fc ve \u00e7evre dostu olmalar\u0131 sebebi ile tercih edilmektedirler.<\/p>\n","protected":false},"author":1,"featured_media":148,"parent":0,"menu_order":0,"comment_status":"closed","ping_status":"closed","template":"sayfa-product.php","meta":{"footnotes":""},"class_list":["post-12","page","type-page","status-publish","has-post-thumbnail","hentry"],"_links":{"self":[{"href":"https:\/\/kurdelmetal.com\/tr\/wp-json\/wp\/v2\/pages\/12","targetHints":{"allow":["GET"]}}],"collection":[{"href":"https:\/\/kurdelmetal.com\/tr\/wp-json\/wp\/v2\/pages"}],"about":[{"href":"https:\/\/kurdelmetal.com\/tr\/wp-json\/wp\/v2\/types\/page"}],"author":[{"embeddable":true,"href":"https:\/\/kurdelmetal.com\/tr\/wp-json\/wp\/v2\/users\/1"}],"replies":[{"embeddable":true,"href":"https:\/\/kurdelmetal.com\/tr\/wp-json\/wp\/v2\/comments?post=12"}],"version-history":[{"count":1,"href":"https:\/\/kurdelmetal.com\/tr\/wp-json\/wp\/v2\/pages\/12\/revisions"}],"predecessor-version":[{"id":195,"href":"https:\/\/kurdelmetal.com\/tr\/wp-json\/wp\/v2\/pages\/12\/revisions\/195"}],"wp:featuredmedia":[{"embeddable":true,"href":"https:\/\/kurdelmetal.com\/tr\/wp-json\/wp\/v2\/media\/148"}],"wp:attachment":[{"href":"https:\/\/kurdelmetal.com\/tr\/wp-json\/wp\/v2\/media?parent=12"}],"curies":[{"name":"wp","href":"https:\/\/api.w.org\/{rel}","templated":true}]}}