{"id":26,"date":"2020-12-05T04:09:34","date_gmt":"2020-12-05T01:09:34","guid":{"rendered":"http:\/\/localhost\/kurdel\/?page_id=26"},"modified":"2021-02-05T12:04:05","modified_gmt":"2021-02-05T09:04:05","slug":"privacy-policy","status":"publish","type":"page","link":"https:\/\/kurdelmetal.com\/tr\/privacy-policy\/","title":{"rendered":"Gizlilik Politikas\u0131"},"content":{"rendered":"<p><em><span style=\"color: #ffcc00;\">KURDEL METAL T\u0130CARET VE SANAY\u0130 A.\u015e.<\/span><\/em> hizmeti sa\u011flayan <em>kurdelmetal.com<\/em> sitesini i\u015fletmektedir.<\/p>\n<p>Bu sayfa, herhangi biri Hizmetimizi, kurdelmetal.com sitesini kullanmaya karar verirse, ki\u015fisel bilgilerin toplanmas\u0131, kullan\u0131lmas\u0131 ve if\u015fa edilmesine ili\u015fkin politikalar\u0131m\u0131z hakk\u0131nda web sitesi ziyaret\u00e7ilerini bilgilendirmek i\u00e7in kullan\u0131l\u0131r.<\/p>\n<p>Hizmetimizi kullanmay\u0131 se\u00e7erseniz, bu politika ile ilgili bilgilerin toplanmas\u0131n\u0131 ve kullan\u0131lmas\u0131n\u0131 kabul etmi\u015f olursunuz. Toplad\u0131\u011f\u0131m\u0131z Ki\u015fisel Bilgiler, Hizmetin sa\u011flanmas\u0131 ve iyile\u015ftirilmesi i\u00e7in kullan\u0131l\u0131r. Bilgilerinizi bu Gizlilik Politikas\u0131nda a\u00e7\u0131klanan durumlar d\u0131\u015f\u0131nda hi\u00e7 kimseyle kullanmayaca\u011f\u0131z veya payla\u015fmayaca\u011f\u0131z.<\/p>\n<p>Bu gizlilik politikas\u0131nda kullan\u0131lan terimler, bu gizlilik politikas\u0131nda aksi belirtilmedi\u011fi s\u00fcrece https:\/\/kurdelmetal.com\/ adresinden eri\u015filebilen h\u00fck\u00fcm ve ko\u015fullar\u0131m\u0131zdaki anlamlarla ayn\u0131d\u0131r.<\/p>\n<h3>Bilgi Toplama Ve Kullan\u0131m<\/h3>\n<p>Hizmetimizi kullan\u0131rken, ad\u0131n\u0131z, telefon numaran\u0131z ve posta adresiniz dahil ancak bunlarla s\u0131n\u0131rl\u0131 olmamak \u00fczere sizi tan\u0131mlayan bilgileri bize sa\u011flaman\u0131z\u0131 isteyebiliriz. Toplad\u0131\u011f\u0131m\u0131z bilgiler sizinle ileti\u015fim kurmak veya kimli\u011finizi belirlemek i\u00e7in kullan\u0131lacakt\u0131r.<\/p>\n<h3>Log Data<\/h3>\n<p>Hizmetimizi her ziyaret etti\u011finizde, di\u011fer bir\u00e7ok site gibi, taray\u0131c\u0131n\u0131z\u0131n bize g\u00f6nderdi\u011fi ve g\u00fcnl\u00fck veriler ad\u0131 verilen bilgileri toplad\u0131\u011f\u0131m\u0131z\u0131 size bildirmek istiyoruz. Bu g\u00fcnl\u00fck verileri, bilgisayar\u0131n\u0131z\u0131n internet protokol\u00fc (&#8220;IP&#8221;) adresi, taray\u0131c\u0131 s\u00fcr\u00fcm\u00fc, ziyaret etti\u011finiz hizmet sayfalar\u0131m\u0131z, ziyaretinizin saati ve tarihi, bu sayfalarda harcanan s\u00fcre ve di\u011fer istatistikler gibi bilgileri i\u00e7erebilir.<\/p>\n<h3>\u00c7erez Politikas\u0131<\/h3>\n<p>\u00c7erezler, genellikle anonim benzersiz bir tan\u0131mlay\u0131c\u0131 olarak kullan\u0131lan az miktarda veri i\u00e7eren dosyalard\u0131r. Bunlar, ziyaret etti\u011finiz web sitesinden taray\u0131c\u0131n\u0131za g\u00f6nderilir ve bilgisayar\u0131n\u0131z\u0131n sabit s\u00fcr\u00fcc\u00fcs\u00fcnde saklan\u0131r.<\/p>\n<p>Di\u011ferleri gibi, web sitemiz de bu &#8220;\u00e7erezleri&#8221; bilgi toplamak ve Hizmetimizi geli\u015ftirmek i\u00e7in kullan\u0131r. Bu \u00e7erezleri kabul etme veya reddetme ve bilgisayar\u0131n\u0131za bir \u00e7erez g\u00f6nderildi\u011finde bunu bilme se\u00e7ene\u011finiz vard\u0131r. \u00c7erezlerimizi reddetmeyi se\u00e7erseniz, Sitemizin baz\u0131 b\u00f6l\u00fcmlerini kullanamayabilirsiniz.<\/p>\n<h3>G\u00fcvenlik<\/h3>\n<p>Bize Ki\u015fisel Bilgilerinizi sa\u011flama konusundaki g\u00fcveninize de\u011fer veriyoruz, bu nedenle bunlar\u0131 korumak i\u00e7in ticari olarak kabul edilebilir y\u00f6ntemler kullanmaya \u00e7al\u0131\u015f\u0131yoruz. Ancak internet \u00fczerinden hi\u00e7bir aktar\u0131m y\u00f6nteminin veya elektronik depolama y\u00f6nteminin %100 g\u00fcvenli ve g\u00fcvenilir olmad\u0131\u011f\u0131n\u0131 ve mutlak g\u00fcvenli\u011fini garanti edemeyece\u011fimizi unutmay\u0131n.<\/p>\n<h3>Di\u011fer Sitelere Ba\u011flant\u0131lar<\/h3>\n<p>Hizmetimiz di\u011fer sitelere ba\u011flant\u0131lar i\u00e7erebilir. \u00dc\u00e7\u00fcnc\u00fc taraf bir ba\u011flant\u0131ya t\u0131klarsan\u0131z, o siteye y\u00f6nlendirileceksiniz. Bu harici sitelerin bizim taraf\u0131m\u0131zdan i\u015fletilmedi\u011fini unutmay\u0131n. Bu nedenle, bu web sitelerinin Gizlilik Politikas\u0131n\u0131 incelemenizi \u015fiddetle tavsiye ederiz.<\/p>\n<p><span style=\"color: #ffcc00;\">KURDEL METAL T\u0130CARET VE SANAY\u0130 A.\u015e.<\/span> \u00fc\u00e7\u00fcnc\u00fc taraf sitelerin veya hizmetlerin i\u00e7eri\u011fi, gizlilik politikalar\u0131 veya uygulamalar\u0131 \u00fczerinde hi\u00e7bir kontrol\u00fc yoktur ve sorumluluk kabul etmez.<\/p>\n<h3>\u00c7ocuklar\u0131n Gizlili\u011fi<\/h3>\n<p>Hizmetlerimiz 13 ya\u015f\u0131n alt\u0131ndaki hi\u00e7 kimseye hitap etmemektedir. 13 ya\u015f\u0131n alt\u0131ndaki \u00e7ocuklardan kas\u0131tl\u0131 olarak ki\u015fisel tan\u0131mlanabilir bilgiler toplam\u0131yoruz. 13 ya\u015f\u0131n alt\u0131ndaki bir \u00e7ocu\u011fun bize ki\u015fisel bilgi verdi\u011fini fark etti\u011fimizde, bunu derhal sunucular\u0131m\u0131zdan sileriz. Ebeveyn veya veli iseniz ve \u00e7ocu\u011funuzun bize ki\u015fisel bilgi verdi\u011fini biliyorsan\u0131z, l\u00fctfen gerekli i\u015flemleri yapabilmemiz i\u00e7in bizimle ileti\u015fime ge\u00e7in.<\/p>\n<h3>Bu Gizlilik Politikas\u0131ndaki De\u011fi\u015fiklikler<\/h3>\n<p><span style=\"color: #ffcc00;\">KURDEL METAL T\u0130CARET VE SANAY\u0130 A.\u015e.<\/span> gizlilik politikam\u0131z\u0131 zaman zaman g\u00fcncelleyebilir. Bu nedenle, herhangi bir de\u011fi\u015fiklik i\u00e7in bu sayfay\u0131 periyodik olarak g\u00f6zden ge\u00e7irmenizi tavsiye ederiz. Yeni gizlilik politikas\u0131n\u0131 bu sayfada yay\u0131nlayarak herhangi bir de\u011fi\u015fikli\u011fi size bildirece\u011fiz. Bu de\u011fi\u015fiklikler, bu sayfada yay\u0131nland\u0131ktan hemen sonra y\u00fcr\u00fcrl\u00fc\u011fe girer.<\/p>\n<h3>Bize Ula\u015f\u0131n<\/h3>\n<p>Gizlilik politikam\u0131z hakk\u0131nda herhangi bir sorunuz veya \u00f6neriniz varsa, bizimle ileti\u015fime ge\u00e7mekten \u00e7ekinmeyin.<\/p>","protected":false},"excerpt":{"rendered":"<p>KURDEL METAL T\u0130CARET VE SANAY\u0130 A.\u015e. hizmeti sa\u011flayan kurdelmetal.com sitesini i\u015fletmektedir. Bu sayfa, herhangi biri Hizmetimizi, kurdelmetal.com sitesini kullanmaya karar verirse, ki\u015fisel bilgilerin toplanmas\u0131, kullan\u0131lmas\u0131 ve if\u015fa edilmesine ili\u015fkin politikalar\u0131m\u0131z hakk\u0131nda web sitesi ziyaret\u00e7ilerini bilgilendirmek i\u00e7in kullan\u0131l\u0131r. Hizmetimizi kullanmay\u0131 se\u00e7erseniz, bu politika ile ilgili bilgilerin toplanmas\u0131n\u0131 ve kullan\u0131lmas\u0131n\u0131 kabul etmi\u015f olursunuz. Toplad\u0131\u011f\u0131m\u0131z Ki\u015fisel Bilgiler, Hizmetin [&hellip;]<\/p>\n","protected":false},"author":1,"featured_media":140,"parent":0,"menu_order":0,"comment_status":"closed","ping_status":"closed","template":"","meta":{"footnotes":""},"class_list":["post-26","page","type-page","status-publish","has-post-thumbnail","hentry"],"_links":{"self":[{"href":"https:\/\/kurdelmetal.com\/tr\/wp-json\/wp\/v2\/pages\/26","targetHints":{"allow":["GET"]}}],"collection":[{"href":"https:\/\/kurdelmetal.com\/tr\/wp-json\/wp\/v2\/pages"}],"about":[{"href":"https:\/\/kurdelmetal.com\/tr\/wp-json\/wp\/v2\/types\/page"}],"author":[{"embeddable":true,"href":"https:\/\/kurdelmetal.com\/tr\/wp-json\/wp\/v2\/users\/1"}],"replies":[{"embeddable":true,"href":"https:\/\/kurdelmetal.com\/tr\/wp-json\/wp\/v2\/comments?post=26"}],"version-history":[{"count":1,"href":"https:\/\/kurdelmetal.com\/tr\/wp-json\/wp\/v2\/pages\/26\/revisions"}],"predecessor-version":[{"id":194,"href":"https:\/\/kurdelmetal.com\/tr\/wp-json\/wp\/v2\/pages\/26\/revisions\/194"}],"wp:featuredmedia":[{"embeddable":true,"href":"https:\/\/kurdelmetal.com\/tr\/wp-json\/wp\/v2\/media\/140"}],"wp:attachment":[{"href":"https:\/\/kurdelmetal.com\/tr\/wp-json\/wp\/v2\/media?parent=26"}],"curies":[{"name":"wp","href":"https:\/\/api.w.org\/{rel}","templated":true}]}}