{"id":45,"date":"2020-12-05T05:04:38","date_gmt":"2020-12-05T02:04:38","guid":{"rendered":"http:\/\/localhost\/kurdel\/?page_id=45"},"modified":"2021-02-04T00:43:34","modified_gmt":"2021-02-03T21:43:34","slug":"services-page","status":"publish","type":"page","link":"https:\/\/kurdelmetal.com\/tr\/services-page\/","title":{"rendered":"Servislerimiz"},"content":{"rendered":"<p>\u015eirketimiz kuruldu\u011fu g\u00fcnden itibaren m\u00fc\u015fterilerine de\u011fer vererek onlar\u0131n memnuniyetini ve son teknolojileri takip eden tecr\u00fcbeli kadrosuyla en kaliteli hizmeti vermeyi ilke edinmi\u015ftir.<\/p>","protected":false},"excerpt":{"rendered":"<p>\u015eirketimiz kuruldu\u011fu g\u00fcnden itibaren m\u00fc\u015fterilerine de\u011fer vererek onlar\u0131n memnuniyetini ve son teknolojileri takip eden tecr\u00fcbeli kadrosuyla en kaliteli hizmeti vermeyi ilke edinmi\u015ftir.<\/p>\n","protected":false},"author":1,"featured_media":146,"parent":0,"menu_order":0,"comment_status":"closed","ping_status":"closed","template":"sayfa-service.php","meta":{"footnotes":""},"class_list":["post-45","page","type-page","status-publish","has-post-thumbnail","hentry"],"_links":{"self":[{"href":"https:\/\/kurdelmetal.com\/tr\/wp-json\/wp\/v2\/pages\/45","targetHints":{"allow":["GET"]}}],"collection":[{"href":"https:\/\/kurdelmetal.com\/tr\/wp-json\/wp\/v2\/pages"}],"about":[{"href":"https:\/\/kurdelmetal.com\/tr\/wp-json\/wp\/v2\/types\/page"}],"author":[{"embeddable":true,"href":"https:\/\/kurdelmetal.com\/tr\/wp-json\/wp\/v2\/users\/1"}],"replies":[{"embeddable":true,"href":"https:\/\/kurdelmetal.com\/tr\/wp-json\/wp\/v2\/comments?post=45"}],"version-history":[{"count":1,"href":"https:\/\/kurdelmetal.com\/tr\/wp-json\/wp\/v2\/pages\/45\/revisions"}],"predecessor-version":[{"id":196,"href":"https:\/\/kurdelmetal.com\/tr\/wp-json\/wp\/v2\/pages\/45\/revisions\/196"}],"wp:featuredmedia":[{"embeddable":true,"href":"https:\/\/kurdelmetal.com\/tr\/wp-json\/wp\/v2\/media\/146"}],"wp:attachment":[{"href":"https:\/\/kurdelmetal.com\/tr\/wp-json\/wp\/v2\/media?parent=45"}],"curies":[{"name":"wp","href":"https:\/\/api.w.org\/{rel}","templated":true}]}}